{"id":3228,"date":"2016-03-08T17:58:15","date_gmt":"2016-03-08T16:58:15","guid":{"rendered":"http:\/\/www.bravo-yachting.com\/de\/?page_id=3228"},"modified":"2016-03-21T18:24:31","modified_gmt":"2016-03-21T17:24:31","slug":"rechtliche-hinweise","status":"publish","type":"page","link":"https:\/\/www.bravo-yachting.com\/de\/rechtliche-hinweise\/","title":{"rendered":"Rechtliche Hinweise"},"content":{"rendered":"\n<style type=\"text\/css\" data-created_by=\"avia_inline_auto\" id=\"style-css-av-av_section-177b93562bde0d1f6ca3c231062a1694\">\n.avia-section.av-av_section-177b93562bde0d1f6ca3c231062a1694{\nbackground-color:#0d63b2;\nbackground-image:unset;\n}\n.avia-section.av-av_section-177b93562bde0d1f6ca3c231062a1694 .av-section-color-overlay{\nopacity:1;\nbackground-color:#375275;\nbackground-image:url(http:\/\/www.bravo-yachting.com\/wp-content\/uploads\/2015\/02\/wave.png);\nbackground-repeat:repeat;\n}\n<\/style>\n<div id='av_section_1'  class='avia-section av-av_section-177b93562bde0d1f6ca3c231062a1694 main_color avia-section-default avia-no-border-styling  avia-builder-el-0  el_before_av_one_fifth  avia-builder-el-first  avia-bg-style-scroll av-section-color-overlay-active container_wrap fullsize'  ><div class=\"av-section-color-overlay-wrap\"><div class=\"av-section-color-overlay\"><\/div><div class='container av-section-cont-open' ><main  role=\"main\" itemprop=\"mainContentOfPage\"  class='template-page content  av-content-full alpha units'><div class='post-entry post-entry-type-page post-entry-3228'><div class='entry-content-wrapper clearfix'>\n\n<style type=\"text\/css\" data-created_by=\"avia_inline_auto\" id=\"style-css-av-av_one_fifth-352b07ef7d3bc99b2e9f92e7a9e06bdb\">\n.flex_column.av-av_one_fifth-352b07ef7d3bc99b2e9f92e7a9e06bdb{\nborder-radius:0px 0px 0px 0px;\npadding:0px 0px 0px 0px;\n}\n<\/style>\n<div  class='flex_column av-av_one_fifth-352b07ef7d3bc99b2e9f92e7a9e06bdb av_one_fifth  avia-builder-el-1  el_before_av_three_fifth  avia-builder-el-first  first flex_column_div av-zero-column-padding  '     ><\/div>\n<style type=\"text\/css\" data-created_by=\"avia_inline_auto\" id=\"style-css-av-av_three_fifth-2a64de42b738552fe666ca889af77e28\">\n.flex_column.av-av_three_fifth-2a64de42b738552fe666ca889af77e28{\nborder-radius:0px 0px 0px 0px;\npadding:0px 0px 0px 0px;\n}\n<\/style>\n<div  class='flex_column av-av_three_fifth-2a64de42b738552fe666ca889af77e28 av_three_fifth  avia-builder-el-2  el_after_av_one_fifth  el_before_av_one_fifth  flex_column_div av-zero-column-padding  '     ><p>\n<style type=\"text\/css\" data-created_by=\"avia_inline_auto\" id=\"style-css-av-av_heading-40c8552a8672f65507addf5d06fa9085\">\n#top .av-special-heading.av-av_heading-40c8552a8672f65507addf5d06fa9085{\npadding-bottom:10px;\ncolor:#ffffff;\n}\nbody .av-special-heading.av-av_heading-40c8552a8672f65507addf5d06fa9085 .av-special-heading-tag .heading-char{\nfont-size:25px;\n}\n.av-special-heading.av-av_heading-40c8552a8672f65507addf5d06fa9085 .special-heading-inner-border{\nborder-color:#ffffff;\n}\n.av-special-heading.av-av_heading-40c8552a8672f65507addf5d06fa9085 .av-subheading{\nfont-size:18px;\n}\n<\/style>\n<div  class='av-special-heading av-av_heading-40c8552a8672f65507addf5d06fa9085 av-special-heading-h1 custom-color-heading blockquote modern-quote modern-centered  avia-builder-el-3  el_before_av_hr  avia-builder-el-first '><h1 class='av-special-heading-tag'  itemprop=\"headline\"  >Rechtliche Hinweise<\/h1><div class=\"special-heading-border\"><div class=\"special-heading-inner-border\"><\/div><\/div><\/div><br \/>\n\n<style type=\"text\/css\" data-created_by=\"avia_inline_auto\" id=\"style-css-av-av_hr-62f27184c0d6ca159f125f32bdf93b7e\">\n#top .hr.av-av_hr-62f27184c0d6ca159f125f32bdf93b7e{\nmargin-top:0px;\nmargin-bottom:0px;\n}\n.hr.av-av_hr-62f27184c0d6ca159f125f32bdf93b7e .hr-inner{\nwidth:0px;\nmax-width:45%;\n}\n.hr.av-av_hr-62f27184c0d6ca159f125f32bdf93b7e .av-seperator-icon{\ncolor:#ffffff;\n}\n<\/style>\n<div  class='hr av-av_hr-62f27184c0d6ca159f125f32bdf93b7e hr-custom  avia-builder-el-4  el_after_av_heading  avia-builder-el-last  hr-center hr-icon-yes'><span class='hr-inner inner-border-av-border-fat'><span class=\"hr-inner-style\"><\/span><\/span><span class='av-seperator-icon' aria-hidden='true' data-av_icon='\ue8b9' data-av_iconfont='entypo-fontello'><\/span><span class='hr-inner inner-border-av-border-fat'><span class=\"hr-inner-style\"><\/span><\/span><\/div><\/p><\/div>\n<style type=\"text\/css\" data-created_by=\"avia_inline_auto\" id=\"style-css-av-av_one_fifth-2a64de42b738552fe666ca889af77e28\">\n.flex_column.av-av_one_fifth-2a64de42b738552fe666ca889af77e28{\nborder-radius:0px 0px 0px 0px;\npadding:0px 0px 0px 0px;\n}\n<\/style>\n<div  class='flex_column av-av_one_fifth-2a64de42b738552fe666ca889af77e28 av_one_fifth  avia-builder-el-5  el_after_av_three_fifth  avia-builder-el-last  flex_column_div av-zero-column-padding  '     ><\/div><\/div><\/div><\/main><!-- close content main element --><\/div><\/div><\/div><div id='after_section_1'  class='main_color av_default_container_wrap container_wrap fullsize'  ><div class='container av-section-cont-open' ><div class='template-page content  av-content-full alpha units'><div class='post-entry post-entry-type-page post-entry-3228'><div class='entry-content-wrapper clearfix'>\n<style type=\"text\/css\" data-created_by=\"avia_inline_auto\" id=\"style-css-av-av_one_fifth-352b07ef7d3bc99b2e9f92e7a9e06bdb\">\n.flex_column.av-av_one_fifth-352b07ef7d3bc99b2e9f92e7a9e06bdb{\nborder-radius:0px 0px 0px 0px;\npadding:0px 0px 0px 0px;\n}\n<\/style>\n<div  class='flex_column av-av_one_fifth-352b07ef7d3bc99b2e9f92e7a9e06bdb av_one_fifth  avia-builder-el-6  el_after_av_section  el_before_av_three_fifth  avia-builder-el-first  first flex_column_div av-zero-column-padding  '     ><\/div><\/p>\n\n<style type=\"text\/css\" data-created_by=\"avia_inline_auto\" id=\"style-css-av-av_three_fifth-2a64de42b738552fe666ca889af77e28\">\n.flex_column.av-av_three_fifth-2a64de42b738552fe666ca889af77e28{\nborder-radius:0px 0px 0px 0px;\npadding:0px 0px 0px 0px;\n}\n<\/style>\n<div  class='flex_column av-av_three_fifth-2a64de42b738552fe666ca889af77e28 av_three_fifth  avia-builder-el-7  el_after_av_one_fifth  el_before_av_one_fifth  flex_column_div av-zero-column-padding  '     ><section  class='av_textblock_section av-av_textblock-0366cc7376be6c9e82a3e9cc8987b64f '   itemscope=\"itemscope\" itemtype=\"https:\/\/schema.org\/CreativeWork\" ><div class='avia_textblock'  itemprop=\"text\" ><h2>Impressum<\/h2>\n<p>Das Unternehmen BRAVO INTERNATIONAL d.o.o verpflichtet sich, die Daten, die der Benutzer \u00fcber die Webseiten oder auf irgendeine andere Weise vermittelt, nicht zu verkaufen, leihen oder anderweitig an Dritte zu vermitteln.<\/p>\n<p>Alle Informationen werden vertraulich behandelt und werden nur f\u00fcr interne\u00a0 Evidenz und zum Zweck, f\u00fcr den sie \u00fcbermittelt wurden, verwendet. Die Daten werden sorgf\u00e4ltig vor Verlust, Missbrauch, unbefugtem Zugriff, Offenlegung, \u00c4nderung und Zerst\u00f6rung gesch\u00fctzt.<\/p>\n<p>Beim Besuchen der Webseite werden einige Daten (IP-Adresse, Datum, Uhrzeit, Adresse der Seite, von der Sie kamen) auf dem Server gespeichert. Diese Daten sind anonym und werden nur f\u00fcr statistische Zwecke verwendet.<\/p>\n<p>Die Webseiten benutzen \u00bbCookies\u00ab. Das sind kleine Dateien, die sich beim Besuchen der Webseite auf Ihre Festplatte speichern. Cookies k\u00f6nnen Ihnen die zuk\u00fcnftigen Besuche erleichtern. Mit Hilfe der Einstellungen in Ihrem Browser k\u00f6nnen Sie entscheiden ob Sie Cookies akzeptieren oder ablehnen m\u00f6chten.<\/p>\n<p>Wenn Sie Cookies nicht annehmen, k\u00f6nnen einige Webseiten nicht richtig angezeigt werden oder wird Ihnen keinen Zugang und normales funktionieren der Webseiten erm\u00f6glichen.<\/p>\n<h2>Haftungsausschluss<\/h2>\n<p>Die Webseiten werden mit gr\u00f6\u00dftm\u00f6glicher Sorgfalt erstellt und gepflegt. Dennoch kann das Unternehmen BRAVO INTERNATIONAL d.o.o. die Aktualit\u00e4t, Genauigkeit oder Richtigkeit der Informationen auf der Website nicht gew\u00e4hrleisten. Alle Informationen auf den Webseiten k\u00f6nnen ohne vorherige Ank\u00fcndigung ge\u00e4ndert werden.<\/p>\n<p>Das Unternehmen \u00fcbernimmt keine Haftung f\u00fcr Sch\u00e4den, die direkt oder indirekt durch die Verwendung, eine Fehlfunktion und \/ oder Nichtverf\u00fcgbarkeit dieser Webseite verursacht werden k\u00f6nnen.<\/p>\n<p>Im Fall von Referenzen oder der Verkn\u00fcpfung dieser Webseite mit anderen, die im Besitz oder von Dritten betrieben werden, \u00fcbernimmt das Unternehmen BRAVO INTERNATIONAL d.o.o. keine Verantwortung f\u00fcr den Inhalt oder den korrekten Betrieb dieser Webseiten.<\/p>\n<h2>Urheberrecht<\/h2>\n<p>\u00a9Copyright 2015 BRAVO INTERNATIONAL d.o.o.\u00a0 Alle Texte, Bilder, Grafiken, Animationen und andere Dokumente, die die Webseiten beinhalten, unterliegen nach dem gesetzlich zul\u00e4ssigen Rahmen dem Urheberschutz oder einer anderen Formen des Schutzes geistigen Eigentums.<\/p>\n<p>Der Inhalt der Webseite darf nicht kopiert, verbreitet, ver\u00e4ndert oder auf eine andere Weise reproduziert werden, ausgenommen im Falle der schriftlichen Zustimmung des Unternehmens BRAVO INTERNATIONAL d.o.o., welches aktiv seine Rechte auf das geistige Eigentum soweit wie m\u00f6glich im Rahmen der Gesetzgebung durchsetzt.<\/p>\n<\/div><\/section><\/div>\n<style type=\"text\/css\" data-created_by=\"avia_inline_auto\" id=\"style-css-av-av_one_fifth-2a64de42b738552fe666ca889af77e28\">\n.flex_column.av-av_one_fifth-2a64de42b738552fe666ca889af77e28{\nborder-radius:0px 0px 0px 0px;\npadding:0px 0px 0px 0px;\n}\n<\/style>\n<div  class='flex_column av-av_one_fifth-2a64de42b738552fe666ca889af77e28 av_one_fifth  avia-builder-el-9  el_after_av_three_fifth  avia-builder-el-last  flex_column_div av-zero-column-padding  '     ><\/div><\/p>\n","protected":false},"excerpt":{"rendered":"","protected":false},"author":1,"featured_media":0,"parent":0,"menu_order":0,"comment_status":"closed","ping_status":"closed","template":"","meta":{"footnotes":""},"_links":{"self":[{"href":"https:\/\/www.bravo-yachting.com\/de\/wp-json\/wp\/v2\/pages\/3228"}],"collection":[{"href":"https:\/\/www.bravo-yachting.com\/de\/wp-json\/wp\/v2\/pages"}],"about":[{"href":"https:\/\/www.bravo-yachting.com\/de\/wp-json\/wp\/v2\/types\/page"}],"author":[{"embeddable":true,"href":"https:\/\/www.bravo-yachting.com\/de\/wp-json\/wp\/v2\/users\/1"}],"replies":[{"embeddable":true,"href":"https:\/\/www.bravo-yachting.com\/de\/wp-json\/wp\/v2\/comments?post=3228"}],"version-history":[{"count":5,"href":"https:\/\/www.bravo-yachting.com\/de\/wp-json\/wp\/v2\/pages\/3228\/revisions"}],"predecessor-version":[{"id":3474,"href":"https:\/\/www.bravo-yachting.com\/de\/wp-json\/wp\/v2\/pages\/3228\/revisions\/3474"}],"wp:attachment":[{"href":"https:\/\/www.bravo-yachting.com\/de\/wp-json\/wp\/v2\/media?parent=3228"}],"curies":[{"name":"wp","href":"https:\/\/api.w.org\/{rel}","templated":true}]}}