{"id":3158,"date":"2016-03-08T17:10:42","date_gmt":"2016-03-08T16:10:42","guid":{"rendered":"http:\/\/www.bravo-yachting.com\/de\/?page_id=3158"},"modified":"2016-03-08T17:10:42","modified_gmt":"2016-03-08T16:10:42","slug":"koristne-informacije","status":"publish","type":"page","link":"https:\/\/www.bravo-yachting.com\/de\/koristne-informacije\/","title":{"rendered":"KORISTNE INFORMACIJE"},"content":{"rendered":"\n<style type=\"text\/css\" data-created_by=\"avia_inline_auto\" id=\"style-css-av-av_section-54e9bb2078ce481772a57640813c023a\">\n.avia-section.av-av_section-54e9bb2078ce481772a57640813c023a{\nbackground-color:#0d63b2;\nbackground-image:unset;\n}\n<\/style>\n<div id='av_section_1'  class='avia-section av-av_section-54e9bb2078ce481772a57640813c023a main_color avia-section-default avia-no-border-styling  avia-builder-el-0  el_before_av_section  avia-builder-el-first  avia-bg-style-scroll container_wrap fullsize'  ><div class='container av-section-cont-open' ><main  role=\"main\" itemprop=\"mainContentOfPage\"  class='template-page content  av-content-full alpha units'><div class='post-entry post-entry-type-page post-entry-3158'><div class='entry-content-wrapper clearfix'>\n\n<style type=\"text\/css\" data-created_by=\"avia_inline_auto\" id=\"style-css-av-av_one_fifth-352b07ef7d3bc99b2e9f92e7a9e06bdb\">\n.flex_column.av-av_one_fifth-352b07ef7d3bc99b2e9f92e7a9e06bdb{\nborder-radius:0px 0px 0px 0px;\npadding:0px 0px 0px 0px;\n}\n<\/style>\n<div  class='flex_column av-av_one_fifth-352b07ef7d3bc99b2e9f92e7a9e06bdb av_one_fifth  avia-builder-el-1  el_before_av_three_fifth  avia-builder-el-first  first flex_column_div av-zero-column-padding  '     ><\/div>\n<style type=\"text\/css\" data-created_by=\"avia_inline_auto\" id=\"style-css-av-av_three_fifth-2a64de42b738552fe666ca889af77e28\">\n.flex_column.av-av_three_fifth-2a64de42b738552fe666ca889af77e28{\nborder-radius:0px 0px 0px 0px;\npadding:0px 0px 0px 0px;\n}\n<\/style>\n<div  class='flex_column av-av_three_fifth-2a64de42b738552fe666ca889af77e28 av_three_fifth  avia-builder-el-2  el_after_av_one_fifth  el_before_av_one_fifth  flex_column_div av-zero-column-padding  '     ><p>\n<style type=\"text\/css\" data-created_by=\"avia_inline_auto\" id=\"style-css-av-av_heading-b93f7720f9a7f90c34609592c7b33fe2\">\n#top .av-special-heading.av-av_heading-b93f7720f9a7f90c34609592c7b33fe2{\npadding-bottom:10px;\ncolor:#ffffff;\n}\nbody .av-special-heading.av-av_heading-b93f7720f9a7f90c34609592c7b33fe2 .av-special-heading-tag .heading-char{\nfont-size:25px;\n}\n.av-special-heading.av-av_heading-b93f7720f9a7f90c34609592c7b33fe2 .special-heading-inner-border{\nborder-color:#ffffff;\n}\n.av-special-heading.av-av_heading-b93f7720f9a7f90c34609592c7b33fe2 .av-subheading{\nfont-size:18px;\n}\n<\/style>\n<div  class='av-special-heading av-av_heading-b93f7720f9a7f90c34609592c7b33fe2 av-special-heading-h1 custom-color-heading blockquote modern-quote modern-centered  avia-builder-el-3  el_before_av_hr  avia-builder-el-first '><h1 class='av-special-heading-tag'  itemprop=\"headline\"  >Koristne informacije<\/h1><div class=\"special-heading-border\"><div class=\"special-heading-inner-border\"><\/div><\/div><\/div><br \/>\n\n<style type=\"text\/css\" data-created_by=\"avia_inline_auto\" id=\"style-css-av-av_hr-62f27184c0d6ca159f125f32bdf93b7e\">\n#top .hr.av-av_hr-62f27184c0d6ca159f125f32bdf93b7e{\nmargin-top:0px;\nmargin-bottom:0px;\n}\n.hr.av-av_hr-62f27184c0d6ca159f125f32bdf93b7e .hr-inner{\nwidth:0px;\nmax-width:45%;\n}\n.hr.av-av_hr-62f27184c0d6ca159f125f32bdf93b7e .av-seperator-icon{\ncolor:#ffffff;\n}\n<\/style>\n<div  class='hr av-av_hr-62f27184c0d6ca159f125f32bdf93b7e hr-custom  avia-builder-el-4  el_after_av_heading  avia-builder-el-last  hr-center hr-icon-yes'><span class='hr-inner inner-border-av-border-fat'><span class=\"hr-inner-style\"><\/span><\/span><span class='av-seperator-icon' aria-hidden='true' data-av_icon='\ue8b9' data-av_iconfont='entypo-fontello'><\/span><span class='hr-inner inner-border-av-border-fat'><span class=\"hr-inner-style\"><\/span><\/span><\/div><\/p><\/div>\n<style type=\"text\/css\" data-created_by=\"avia_inline_auto\" id=\"style-css-av-av_one_fifth-2a64de42b738552fe666ca889af77e28\">\n.flex_column.av-av_one_fifth-2a64de42b738552fe666ca889af77e28{\nborder-radius:0px 0px 0px 0px;\npadding:0px 0px 0px 0px;\n}\n<\/style>\n<div  class='flex_column av-av_one_fifth-2a64de42b738552fe666ca889af77e28 av_one_fifth  avia-builder-el-5  el_after_av_three_fifth  avia-builder-el-last  flex_column_div av-zero-column-padding  '     ><\/div>\n\n<\/div><\/div><\/main><!-- close content main element --><\/div><\/div><div id='av_section_2'  class='avia-section av-av_section-d18d8c2c81d10022ebd21ffa95322c35 main_color avia-section-default avia-no-shadow  avia-builder-el-6  el_after_av_section  el_before_av_section  avia-bg-style-scroll container_wrap fullsize'  ><div class='container av-section-cont-open' ><div class='template-page content  av-content-full alpha units'><div class='post-entry post-entry-type-page post-entry-3158'><div class='entry-content-wrapper clearfix'>\n\n<style type=\"text\/css\" data-created_by=\"avia_inline_auto\" id=\"style-css-av-av_one_third-9497bbf8bff73ea4c6992cc17fa9ec36\">\n.flex_column.av-av_one_third-9497bbf8bff73ea4c6992cc17fa9ec36{\nborder-radius:0px 0px 0px 0px;\npadding:0px 0px 0px 0px;\n}\n<\/style>\n<div  class='flex_column av-av_one_third-9497bbf8bff73ea4c6992cc17fa9ec36 av_one_third  avia-builder-el-7  el_before_av_one_third  avia-builder-el-first  first flex_column_div av-zero-column-padding  '     ><section  class='av_textblock_section av-av_textblock-0366cc7376be6c9e82a3e9cc8987b64f '   itemscope=\"itemscope\" itemtype=\"https:\/\/schema.org\/CreativeWork\" ><div class='avia_textblock'  itemprop=\"text\" ><h3><span style=\"color: #0d63b2;\">Jadranske marine<\/span><\/h3>\n<p><a href=\"http:\/\/www.bravo-yachting.com\/koristne-informacije\/jadranske-marine\/\"><img loading=\"lazy\" decoding=\"async\" class=\"aligncenter wp-image-860 size-full\" src=\"http:\/\/www.bravo-yachting.com\/wp-content\/uploads\/2015\/12\/jadranske-marine.jpg\" alt=\"jadranske-marine\" width=\"400\" height=\"300\" srcset=\"https:\/\/www.bravo-yachting.com\/wp-content\/uploads\/2015\/12\/jadranske-marine.jpg 400w, https:\/\/www.bravo-yachting.com\/wp-content\/uploads\/2015\/12\/jadranske-marine-300x225.jpg 300w\" sizes=\"(max-width: 400px) 100vw, 400px\" \/><\/a><\/p>\n<p>Katera je najbli\u017eja? Preglejte zapisane lokacije in se na podlagi prebranega odlo\u010dite, katera je vam najbolj ustrezna.<\/p>\n<p><a href=\"http:\/\/www.bravo-yachting.com\/koristne-informacije\/jadranske-marine\/\">Podrobno&#8230;<\/a><\/p>\n<\/div><\/section><\/div>\n<style type=\"text\/css\" data-created_by=\"avia_inline_auto\" id=\"style-css-av-av_one_third-9c1d454dc06f7247226bc4e8f931daae\">\n.flex_column.av-av_one_third-9c1d454dc06f7247226bc4e8f931daae{\nborder-radius:0px 0px 0px 0px;\npadding:0px 0px 0px 0px;\n}\n<\/style>\n<div  class='flex_column av-av_one_third-9c1d454dc06f7247226bc4e8f931daae av_one_third  avia-builder-el-9  el_after_av_one_third  el_before_av_one_third  flex_column_div av-zero-column-padding  '     ><section  class='av_textblock_section av-av_textblock-0366cc7376be6c9e82a3e9cc8987b64f '   itemscope=\"itemscope\" itemtype=\"https:\/\/schema.org\/CreativeWork\" ><div class='avia_textblock'  itemprop=\"text\" ><h3><span style=\"color: #0d63b2;\">Bencinske \u010drpalke<\/span><\/h3>\n<p><a href=\"http:\/\/www.bravo-yachting.com\/koristne-informacije\/bencinske-crpalke\/\"><img loading=\"lazy\" decoding=\"async\" class=\"aligncenter wp-image-2094 size-full\" src=\"http:\/\/www.bravo-yachting.com\/wp-content\/uploads\/2016\/01\/bencinske-crpalke.jpg\" alt=\"bencinske-crpalke\" width=\"400\" height=\"300\" srcset=\"https:\/\/www.bravo-yachting.com\/wp-content\/uploads\/2016\/01\/bencinske-crpalke.jpg 400w, https:\/\/www.bravo-yachting.com\/wp-content\/uploads\/2016\/01\/bencinske-crpalke-300x225.jpg 300w\" sizes=\"(max-width: 400px) 100vw, 400px\" \/><\/a><\/p>\n<p>Zakaj smo spet na rezervi\u2026katera in kje je prva bencinska \u010drpalka? Zelo koristne informacije!<\/p>\n<p><a href=\"http:\/\/www.bravo-yachting.com\/koristne-informacije\/bencinske-crpalke\/\">Podrobno&#8230;<\/a><\/p>\n<\/div><\/section><\/div>\n<style type=\"text\/css\" data-created_by=\"avia_inline_auto\" id=\"style-css-av-av_one_third-9c1d454dc06f7247226bc4e8f931daae\">\n.flex_column.av-av_one_third-9c1d454dc06f7247226bc4e8f931daae{\nborder-radius:0px 0px 0px 0px;\npadding:0px 0px 0px 0px;\n}\n<\/style>\n<div  class='flex_column av-av_one_third-9c1d454dc06f7247226bc4e8f931daae av_one_third  avia-builder-el-11  el_after_av_one_third  avia-builder-el-last  flex_column_div av-zero-column-padding  '     ><section  class='av_textblock_section av-av_textblock-0366cc7376be6c9e82a3e9cc8987b64f '   itemscope=\"itemscope\" itemtype=\"https:\/\/schema.org\/CreativeWork\" ><div class='avia_textblock'  itemprop=\"text\" ><h3><span style=\"color: #0d63b2;\">Najlep\u0161e rute<\/span><\/h3>\n<p><a href=\"http:\/\/www.bravo-yachting.com\/koristne-informacije\/najlepse-rute\/\"><img loading=\"lazy\" decoding=\"async\" class=\"aligncenter wp-image-868 size-full\" src=\"http:\/\/www.bravo-yachting.com\/wp-content\/uploads\/2015\/12\/najlepse-rute.jpg\" alt=\"najlepse-rute\" width=\"400\" height=\"300\" srcset=\"https:\/\/www.bravo-yachting.com\/wp-content\/uploads\/2015\/12\/najlepse-rute.jpg 400w, https:\/\/www.bravo-yachting.com\/wp-content\/uploads\/2015\/12\/najlepse-rute-300x225.jpg 300w\" sizes=\"(max-width: 400px) 100vw, 400px\" \/><\/a><\/p>\n<p>Eno ali dvo tedenske rute iz Suko\u0161ana,..\u00a0Oglejte si na\u0161e ponudbe in se odlo\u010dite. Po\u0161ljite povpra\u0161evanje, na katerega bomo odgovorili&#8230;<\/p>\n<p><a href=\"http:\/\/www.bravo-yachting.com\/koristne-informacije\/najlepse-rute\/\">Podrobno&#8230;<\/a><\/p>\n<\/div><\/section><\/div>\n\n<\/div><\/div><\/div><!-- close content main div --><\/div><\/div><div id='av_section_3'  class='avia-section av-av_section-d18d8c2c81d10022ebd21ffa95322c35 main_color avia-section-default avia-no-shadow  avia-builder-el-13  el_after_av_section  avia-builder-el-last  avia-bg-style-scroll container_wrap fullsize'  ><div class='container av-section-cont-open' ><div class='template-page content  av-content-full alpha units'><div class='post-entry post-entry-type-page post-entry-3158'><div class='entry-content-wrapper clearfix'>\n\n<style type=\"text\/css\" data-created_by=\"avia_inline_auto\" id=\"style-css-av-av_one_third-9497bbf8bff73ea4c6992cc17fa9ec36\">\n.flex_column.av-av_one_third-9497bbf8bff73ea4c6992cc17fa9ec36{\nborder-radius:0px 0px 0px 0px;\npadding:0px 0px 0px 0px;\n}\n<\/style>\n<div  class='flex_column av-av_one_third-9497bbf8bff73ea4c6992cc17fa9ec36 av_one_third  avia-builder-el-14  el_before_av_one_third  avia-builder-el-first  first flex_column_div av-zero-column-padding  '     ><section  class='av_textblock_section av-av_textblock-0366cc7376be6c9e82a3e9cc8987b64f '   itemscope=\"itemscope\" itemtype=\"https:\/\/schema.org\/CreativeWork\" ><div class='avia_textblock'  itemprop=\"text\" ><h3><span style=\"color: #0d63b2;\">100 najbolj\u0161ih konob<\/span><\/h3>\n<p><a href=\"http:\/\/www.bravo-yachting.com\/koristne-informacije\/100-najboljsih-konob\/\"><img loading=\"lazy\" decoding=\"async\" class=\"aligncenter wp-image-870 size-full\" src=\"http:\/\/www.bravo-yachting.com\/wp-content\/uploads\/2015\/12\/100-najboljsih-konob.jpg\" alt=\"100-najboljsih-konob\" width=\"400\" height=\"300\" srcset=\"https:\/\/www.bravo-yachting.com\/wp-content\/uploads\/2015\/12\/100-najboljsih-konob.jpg 400w, https:\/\/www.bravo-yachting.com\/wp-content\/uploads\/2015\/12\/100-najboljsih-konob-300x225.jpg 300w\" sizes=\"(max-width: 400px) 100vw, 400px\" \/><\/a><\/p>\n<p>Jadranske konobe, vsaka s svojstvenimi morskimi specialitetami, tik ob morju ali pa skrite v tlakovani uli\u010dici, ob odprtem kaminu\u2026<\/p>\n<p><a href=\"http:\/\/www.bravo-yachting.com\/koristne-informacije\/100-najboljsih-konob\/\">Podrobno&#8230;<\/a><\/p>\n<\/div><\/section><\/div>\n<style type=\"text\/css\" data-created_by=\"avia_inline_auto\" id=\"style-css-av-av_one_third-9c1d454dc06f7247226bc4e8f931daae\">\n.flex_column.av-av_one_third-9c1d454dc06f7247226bc4e8f931daae{\nborder-radius:0px 0px 0px 0px;\npadding:0px 0px 0px 0px;\n}\n<\/style>\n<div  class='flex_column av-av_one_third-9c1d454dc06f7247226bc4e8f931daae av_one_third  avia-builder-el-16  el_after_av_one_third  avia-builder-el-last  flex_column_div av-zero-column-padding  '     ><section  class='av_textblock_section av-av_textblock-0366cc7376be6c9e82a3e9cc8987b64f '   itemscope=\"itemscope\" itemtype=\"https:\/\/schema.org\/CreativeWork\" ><div class='avia_textblock'  itemprop=\"text\" ><h3><span style=\"color: #0d63b2;\">Najpogostej\u0161a vpra\u0161anja<\/span><\/h3>\n<p><a href=\"http:\/\/www.bravo-yachting.com\/koristne-informacije\/najpogostejsa-vprasanja\/\"><img loading=\"lazy\" decoding=\"async\" class=\"aligncenter wp-image-871 size-full\" src=\"http:\/\/www.bravo-yachting.com\/wp-content\/uploads\/2015\/12\/najpogostejsa-vprasanja.jpg\" alt=\"najpogostejsa-vprasanja\" width=\"400\" height=\"300\" srcset=\"https:\/\/www.bravo-yachting.com\/wp-content\/uploads\/2015\/12\/najpogostejsa-vprasanja.jpg 400w, https:\/\/www.bravo-yachting.com\/wp-content\/uploads\/2015\/12\/najpogostejsa-vprasanja-300x225.jpg 300w\" sizes=\"(max-width: 400px) 100vw, 400px\" \/><\/a><\/p>\n<p>Vse, kar ste \u017eeleli vedeti o navtiki, pa niste vedeli koga povpra\u0161ati? Po\u0161ljite povpra\u0161evanje, odgovorimo vam v najkraj\u0161em mo\u017enem \u010dasu&#8230;<\/p>\n<p><a href=\"http:\/\/www.bravo-yachting.com\/koristne-informacije\/najpogostejsa-vprasanja\/\">Podrobno&#8230;<\/a><\/p>\n<\/div><\/section><\/div>\n","protected":false},"excerpt":{"rendered":"","protected":false},"author":1,"featured_media":0,"parent":0,"menu_order":0,"comment_status":"closed","ping_status":"closed","template":"","meta":{"footnotes":""},"_links":{"self":[{"href":"https:\/\/www.bravo-yachting.com\/de\/wp-json\/wp\/v2\/pages\/3158"}],"collection":[{"href":"https:\/\/www.bravo-yachting.com\/de\/wp-json\/wp\/v2\/pages"}],"about":[{"href":"https:\/\/www.bravo-yachting.com\/de\/wp-json\/wp\/v2\/types\/page"}],"author":[{"embeddable":true,"href":"https:\/\/www.bravo-yachting.com\/de\/wp-json\/wp\/v2\/users\/1"}],"replies":[{"embeddable":true,"href":"https:\/\/www.bravo-yachting.com\/de\/wp-json\/wp\/v2\/comments?post=3158"}],"version-history":[{"count":1,"href":"https:\/\/www.bravo-yachting.com\/de\/wp-json\/wp\/v2\/pages\/3158\/revisions"}],"predecessor-version":[{"id":3164,"href":"https:\/\/www.bravo-yachting.com\/de\/wp-json\/wp\/v2\/pages\/3158\/revisions\/3164"}],"wp:attachment":[{"href":"https:\/\/www.bravo-yachting.com\/de\/wp-json\/wp\/v2\/media?parent=3158"}],"curies":[{"name":"wp","href":"https:\/\/api.w.org\/{rel}","templated":true}]}}